{"id":24309,"date":"2023-05-29T12:38:38","date_gmt":"2023-05-29T10:38:38","guid":{"rendered":"https:\/\/www.eelectron.com\/legal\/"},"modified":"2023-10-20T18:21:59","modified_gmt":"2023-10-20T16:21:59","slug":"legal","status":"publish","type":"page","link":"https:\/\/www.eelectron.com\/it\/legal\/","title":{"rendered":"Legal"},"content":{"rendered":"<div class=\"wpb_column pos-top pos-center align_left column_parent col-lg-12 boomapps_vccolumn single-internal-gutter\">\n<div class=\"uncol style-light\">\n<div class=\"uncoltable\">\n<div class=\"uncell boomapps_vccolumn no-block-padding\">\n<div class=\"uncont\">\n<div class=\"uncode_text_column\">\n<p style=\"text-align: right;\"><strong>Privacy Policy per eTouch App<\/strong><\/p>\n<p style=\"text-align: right;\"><a href=\"https:\/\/otomo.cloud\/\">Home<\/a><\/p>\n<p style=\"text-align: right;\">Privacy Policy per <strong>eTouch App<\/strong><\/p>\n<p><strong>Premessa<\/strong><\/p>\n<p>In questo documento sono descritte le modalit\u00e0 di trattamento dei dati personali riferiti al sistema <strong>eTouch App<\/strong>.<br \/>\nL\u2019informativa \u00e8 resa ai sensi dell\u2019art. 13 del D. Lgs. n. 196\/2003 (\u201cCodice Privacy\u201d) e dell\u2019articolo 13 del Regolamento UE 679\/2016 (\u201cGeneral Data Protection Regulation\u201d) a tutti coloro che interagiscono con il prodotto <strong>eTouch App<\/strong>.<\/p>\n<p>Tutti i dati sono trattati adottando le necessarie misure tecniche e fisiche di protezione richieste dalla legge.<\/p>\n<p>Questa informativa privacy si riferisce ai dati dell\u2019utente raccolti direttamente da Eelectron e si riferisce dunque al rapporto che intercorre\u00a0<strong><u>esclusivamente<\/u><\/strong>\u00a0tra Eelectron in qualit\u00e0 di titolare e l\u2019interessato.<\/p>\n<p>Ogni utilizzatore di <strong>eTouch App<\/strong> prendendo visione di questa informativa,\u00a0<u>accetta di utilizzare il prodotto nel pieno rispetto delle norme sulla privacy e del diritto del lavoro, ove installato in un contesto lavorativo.<\/u><\/p>\n<p>&nbsp;<\/p>\n<ol>\n<li><strong>Titolare del trattamento<\/strong><\/li>\n<\/ol>\n<p>Eelectron S.p.A.<br \/>\nVia Claudio Monteverdi 6<br \/>\nLegnano, 20025, Italia<br \/>\nContatti:\u00a0<a href=\"mailto:privacy@eelectron.com\">privacy@eelectron.com<\/a> \u2013 telefono + 39 0331 500 802<\/p>\n<p>&nbsp;<\/p>\n<ol start=\"2\">\n<li><strong>Tipologia dei dati trattati<\/strong><\/li>\n<\/ol>\n<p><strong>2.1 Dati di installazione<\/strong><\/p>\n<p>Al momento dell\u2019installazione del prodotto e della registrazione sull\u2019applicazione, <strong>eTouch App<\/strong><strong><sup>\u00a0<\/sup><\/strong>richieder\u00e0 informazioni necessarie all\u2019autenticazione dell\u2019utente, alla personalizzazione ed al miglioramento del servizio offerto.<br \/>\nIn particolare, <strong>eTouch App<\/strong><strong><sup>\u00a0<\/sup><\/strong>domander\u00e0 l\u2019inserimento di (i) dati anagrafici (nome, cognome, (ii) e-mail).<\/p>\n<p><strong>2.2 Dati dei dispositivi associati al prodotto<\/strong><\/p>\n<p>In questa categoria rientrano il modello hardware, il numero IMEI e altri codici identificativi univoci del dispositivo, l\u2019indirizzo MAC, l\u2019indirizzo IP, la versione del sistema operativo utilizzata e le impostazioni del dispositivo utilizzato per usufruire del servizio.<\/p>\n<p><strong>2.3 Dati ambientali<\/strong><\/p>\n<p><strong>eTouch App<\/strong><strong><sup>\u00a0<\/sup><\/strong>consente di collegare sensori in grado di rilevare la temperatura e la luminosit\u00e0 degli ambienti a cui accedono gli utenti, permettendo a questi ultimi di modificarne manualmente o automaticamente i parametri a seconda delle esigenze personali e di risparmio energetico.<\/p>\n<p><strong>2.4 Dati relativi alle modalit\u00e0 di utilizzo del dispositivo<\/strong><\/p>\n<p><strong>eTouch App<\/strong><strong><sup>\u00a0<\/sup><\/strong>raccoglie i dati di utilizzo del dispositivo, inclusi aggiustamenti diretti ai parametri ambientali, l\u2019accensione e lo spegnimento del dispositivo, il numero di dispositivi automatizzati associati ed il controllo in remoto degli stessi.<\/p>\n<p><strong>2.5\u00a0Raccolta e utilizzo delle informazioni<\/strong><\/p>\n<p>Per un\u2019esperienza migliore, durante l\u2019utilizzo del nostro Servizio, potremmo richiedere all\u2019utente di fornirci alcune informazioni personali identificabili. Le informazioni che richiediamo verranno conservate da noi e utilizzate come descritto in questa informativa sulla privacy.<\/p>\n<p>&nbsp;<\/p>\n<ol start=\"3\">\n<li><strong>Modalit\u00e0 del trattamento<\/strong><\/li>\n<\/ol>\n<p>Il titolare tratta i dati personali degli utenti adottando le opportune misure di sicurezza volte ad impedire l\u2019accesso, la divulgazione, la modifica o la distruzione non autorizzata dei dati personali.<\/p>\n<p>Il trattamento viene effettuato mediante strumenti informatici e non, e\/o telematici con modalit\u00e0 organizzative e con logiche strettamente correlate alle finalit\u00e0 indicate, in modo che sia garantito un livello adeguato di protezione dei dati personali.<\/p>\n<p>&nbsp;<\/p>\n<ol start=\"4\">\n<li><strong>Comunicazione e diffusione dei dati<\/strong><\/li>\n<\/ol>\n<p>Oltre al titolare, potrebbero avere accesso ai dati categorie di incaricati coinvolti nell\u2019organizzazione del titolare (personale amministrativo, commerciale, marketing, legali, amministratori di sistema) ovvero soggetti esterni (come affiliati, partner aziendali e fornitori di servizi) nominati, se necessario, responsabili del trattamento da parte del titolare. I dati potranno anche essere comunicati nell\u2019ambito di operazioni aziendali riguardanti il titolare, come fusioni o cessioni di rami d\u2019azienda. I dati potranno sempre essere comunicati a terzi in forma aggregata e\/o anonimizzata.<\/p>\n<p>Previo consenso espresso, potrai richiedere l\u2019accesso alle reti organizzate e gestite da diversi Gestori, autorizzando la condivisione con gli stessi dei propri dati personali.<\/p>\n<p><strong>eTouch App<\/strong>, salvo che sia diversamente indicato, condivider\u00e0 con ciascun Gestore della Rete esclusivamente il tuo nome, cognome ed indirizzo e-mail. Potrai in qualunque momento ritirare il consenso alla comunicazione dei dati a terzi e uscire dalla rete organizzata e gestita da ciascun Gestore. L\u2019elenco aggiornato dei responsabili e degli incaricati potr\u00e0 sempre essere richiesto al titolare del trattamento. Si riserva la comunicazione dei dati ove richiesto dalla legge.<\/p>\n<p>Al fine di generare report di natura statistica relativi all\u2019utilizzo delle aree interessate e all\u2019efficientamento energetico, il Titolare comunicher\u00e0 dati in forma anonimizzata e\/o aggregata a servizi terzi che si occupino della loro rielaborazione e resa statistica.<\/p>\n<p>&nbsp;<\/p>\n<ol start=\"5\">\n<li><strong>Luogo del trattamento<\/strong><\/li>\n<\/ol>\n<p>Il trattamento dei dati ha luogo presso la sede del titolare ed in ogni altro luogo in cui le parti legittimamente coinvolte nel trattamento siano localizzate. L\u2019interessato pu\u00f2 sempre richiedere le informazioni relative al luogo del trattamento.<\/p>\n<p>&nbsp;<\/p>\n<ol start=\"6\">\n<li><strong>Trasferimento dei dati personali<\/strong><\/li>\n<\/ol>\n<p>La gestione e la conservazione avviengono su server ubicati all\u2019interno dell\u2019Unione Europea. Il titolare, ove si rendesse necessario, mantiene la facolt\u00e0 di spostare l\u2019ubicazione dei server, adottando tutte le misure di sicurezza ed organizzative necessarie a garantirne la protezione.<\/p>\n<p>Qualora i dati personali oggetto di trattamento siano trasferiti all\u2019esterno dell\u2019Unione Europea, il Titolare avr\u00e0 premura di comunicarlo all\u2019interessato e di individuare un\u2019idonea base giuridica per il trasferimento, quali l\u2019adozione di clausole standard approvate dalla Commissione Europea, il consenso degli interessati, la selezione di soggetti aderenti a programmi per la libera circolazione dei dati e oggetto di una decisione di adeguatezza da parte della Commissione Europea.<\/p>\n<p>&nbsp;<\/p>\n<ol start=\"7\">\n<li><strong>Tempi di conservazione dei dati<\/strong><\/li>\n<\/ol>\n<p>I dati sono trattati solo per il tempo necessario allo svolgimento del servizio richiesto dall\u2019utente, o richiesto dalle finalit\u00e0 descritte in questo documento, dopodich\u00e9 verranno unicamente conservati in esecuzione degli obblighi di legge vigenti in materia.<br \/>\nIl Titolare valuter\u00e0 le tempistiche di conservazione dei dati personali sulle base dei criteri di proporzionalit\u00e0 e minimizzazione, differenziandole a seconda delle diverse necessit\u00e0 aziendali e della tipologia di dato personale trattato.<br \/>\nL\u2019interessato potr\u00e0 sempre domandare al Titolare maggiori dettagli sulle tempistiche di conservazione, nonch\u00e9 chiedere l\u2019interruzione del trattamento o la cancellazione dei dati come successivamente descritto.<\/p>\n<p>&nbsp;<\/p>\n<ol start=\"8\">\n<li><strong>Finalit\u00e0 del trattamento e base giuridica del trattamento<\/strong><\/li>\n<\/ol>\n<p>I dati forniti potranno essere trattati per le seguenti finalit\u00e0:<\/p>\n<ol>\n<li>a) Migliorare e personalizzare il servizio offerto agli utenti mediante rielaborazione dei dati sulle modalit\u00e0 di utilizzo dei prodotti <strong>eTouch App<\/strong><br \/>\nb) Offrire aggiornamenti, notizie e promozioni relative a prodotti e servizi nostri e di partner aziendali<br \/>\nc) Comunicare i dati in forma anonimizzata o aggregata per finalit\u00e0 statistiche o industriali.<\/li>\n<\/ol>\n<p>La finalit\u00e0 di cui al punto b) si basa sul consenso dell\u2019interessato ai sensi dell\u2019articolo 6.1.a del Regolamento. Qualora il destinatario della comunicazione commerciale sia un utente che ha gi\u00e0 acquistato un prodotto o servizio <strong>eTouch App<\/strong>, l\u2019invio della promozione potr\u00e0 essere eseguito ai sensi dell\u2019articolo 130.4 del Codice Privacy. Potrai sempre opporti ad ulteriori comunicazioni commerciali.<\/p>\n<p>&nbsp;<\/p>\n<ol start=\"9\">\n<li><strong>Natura obbligatoria o facoltativa del conferimento<\/strong><\/li>\n<\/ol>\n<p>Il conferimento dei dati \u00e8 facoltativo, ma non acconsentire a determinate opzioni potrebbe comportare la riduzione o impossibilit\u00e0 di fornire il servizio.<br \/>\nIl mancato conferimento dei dati di autenticazione comporta l\u2019impossibilit\u00e0 di connettersi al sistema <strong>eTouch App<\/strong> e di utilizzarne le opzioni di personalizzazione e controllo manuale.<br \/>\nIl mancato conferimento dei dati e di geolocalizzazione comporta l\u2019impossibilit\u00e0 di utilizzarne i servizi di rilevazione degli utenti e le modifiche automatizzate all\u2019ingresso in determinati ambienti.<\/p>\n<p>L\u2019utente ha la possibilit\u00e0 di acconsentire separatamente alla ricezione di offerte di promozione di prodotti e servizi.<\/p>\n<p>&nbsp;<\/p>\n<ol start=\"10\">\n<li><strong>Diritti dell\u2019utente<\/strong><\/li>\n<\/ol>\n<p>I soggetti cui si riferiscono i dati personali hanno il diritto in qualunque momento di ottenere la conferma dell\u2019esistenza o meno degli stessi presso il titolare del trattamento, di conoscerne il contenuto e l\u2019origine, di verificarne l\u2019esattezza o chiederne l\u2019integrazione, la cancellazione, la limitazione, l\u2019aggiornamento, la rettifica, la trasformazione in forma anonima o il blocco dei dati personali trattati in violazione di legge, nonch\u00e9 di opporsi in ogni caso, per motivi legittimi, al loro trattamento.<br \/>\nL\u2019utente ha diritto di ottenere in un formato strutturato, di uso comune e leggibile da dispositivo automatico i dati personali forniti \u2013 e di trasmetterli, direttamente o per mezzo del titolare, ad un altro titolare del trattamento (c.d. diritto alla portabilit\u00e0 dei dati).<br \/>\nL\u2019utente ha il diritto in ogni caso di ritirare il consenso attribuito. Il ritiro del consenso non pregiudica la legittimit\u00e0 di tutti i trattamenti precedenti.<\/p>\n<p>I diritti dell\u2019utente sono esercitabili contattando direttamente il Titolare del trattamento al seguente indirizzo email\u00a0<a href=\"mailto:privacy@eelectron.com\">privacy@eelectron.com<\/a>\u00a0ovvero utilizzando le apposite procedure previste dal sito o nella App.<\/p>\n<p>&nbsp;<\/p>\n<ol start=\"11\">\n<li><strong>Modifiche alla Privacy Policy<\/strong><\/li>\n<\/ol>\n<p>Il titolare del trattamento si riserva il diritto di apportare modifiche alla presente privacy policy in qualunque momento dandone pubblicit\u00e0 agli utenti su questa pagina. Si prega dunque di consultare periodicamente questa pagina o sezione del sito, prendendo come riferimento la data di ultima modifica indicata in fondo. Nel caso di mancata accettazione delle modifiche apportate alla presente privacy policy, l\u2019utente \u00e8 tenuto a cessare l\u2019utilizzo del servizio e pu\u00f2 richiedere al titolare del trattamento di rimuovere i propri dati personali.<\/p>\n<p>&nbsp;<\/p>\n<ol start=\"12\">\n<li><strong>Reclami<\/strong><\/li>\n<\/ol>\n<p>L\u2019interessato ha in ogni caso il diritto di proporre reclamo avanti al Garante Privacy, scrivendo, secondo le modalit\u00e0 previste dalla legge e consultabili sul sito\u00a0<a href=\"http:\/\/www.garanteprivacy.it\/\">www.garanteprivacy.it<\/a><\/p>\n<p><strong>Definizioni<\/strong><\/p>\n<p><strong>Dati Personali (o Dati)<\/strong><\/p>\n<p>Costituisce dato personale qualunque informazione relativa a persona fisica, identificata o identificabile, anche indirettamente, mediante riferimento a qualsiasi altra informazione, ivi compreso un numero di identificazione personale.<\/p>\n<p><strong>Trattamento (dei Dati)<\/strong><\/p>\n<p>Qualunque operazione o complesso di operazioni concernenti la raccolta, la registrazione, l\u2019organizzazione, la conservazione, la consultazione, l\u2019elaborazione, la modificazione, la selezione, l\u2019estrazione, il raffronto, l\u2019utilizzo, l\u2019interconnessione, il blocco, la comunicazione, la diffusione, la cancellazione e la distruzione di dati, anche se non registrati in una banca di dati.<\/p>\n<p><strong>Titolare del Trattamento (o Titolare)<\/strong><\/p>\n<p>I soggetti giuridici cui competono, anche unitamente ad altro titolare, le decisioni in ordine alle finalit\u00e0, alle modalit\u00e0 del trattamento di dati personali ed agli strumenti utilizzati, ivi compreso il profilo della sicurezza, in relazione al funzionamento e alla fruizione del sito. Il titolare del trattamento, salvo quanto diversamente specificato, \u00e8 il proprietario del sito.<\/p>\n<p><strong>Responsabile del Trattamento (o Responsabile)<\/strong><\/p>\n<p>I soggetti giuridici preposti dal titolare al trattamento dei dati personali, secondo quanto predisposto dalla presente privacy policy.<\/p>\n<p><strong>Incaricato del Trattamento (o incaricato)<\/strong><\/p>\n<p>Le persone fisiche autorizzate a compiere operazioni di trattamento dal titolare o dal responsabile.<\/p>\n<p><strong>Utente<\/strong><\/p>\n<p>La persona fisica cui si riferiscono i dati personali.<\/p>\n<\/div>\n<\/div>\n<\/div>\n<\/div>\n<\/div>\n<\/div>\n","protected":false},"excerpt":{"rendered":"<p>Privacy Policy per eTouch App Home Privacy Policy per eTouch App Premessa In questo documento sono descritte le modalit\u00e0 di trattamento dei dati personali riferiti al sistema eTouch App. L\u2019informativa \u00e8 resa ai sensi dell\u2019art. 13 del D. Lgs. n. 196\/2003 (\u201cCodice Privacy\u201d) e dell\u2019articolo 13 del Regolamento UE 679\/2016 (\u201cGeneral Data Protection Regulation\u201d) a tutti coloro che interagiscono con [&hellip;]<\/p>\n","protected":false},"author":1,"featured_media":0,"parent":0,"menu_order":0,"comment_status":"closed","ping_status":"closed","template":"","meta":{"footnotes":""},"class_list":["post-24309","page","type-page","status-publish","hentry"],"acf":[],"aioseo_notices":[],"_links":{"self":[{"href":"https:\/\/www.eelectron.com\/it\/wp-json\/wp\/v2\/pages\/24309"}],"collection":[{"href":"https:\/\/www.eelectron.com\/it\/wp-json\/wp\/v2\/pages"}],"about":[{"href":"https:\/\/www.eelectron.com\/it\/wp-json\/wp\/v2\/types\/page"}],"author":[{"embeddable":true,"href":"https:\/\/www.eelectron.com\/it\/wp-json\/wp\/v2\/users\/1"}],"replies":[{"embeddable":true,"href":"https:\/\/www.eelectron.com\/it\/wp-json\/wp\/v2\/comments?post=24309"}],"version-history":[{"count":4,"href":"https:\/\/www.eelectron.com\/it\/wp-json\/wp\/v2\/pages\/24309\/revisions"}],"predecessor-version":[{"id":24571,"href":"https:\/\/www.eelectron.com\/it\/wp-json\/wp\/v2\/pages\/24309\/revisions\/24571"}],"wp:attachment":[{"href":"https:\/\/www.eelectron.com\/it\/wp-json\/wp\/v2\/media?parent=24309"}],"curies":[{"name":"wp","href":"https:\/\/api.w.org\/{rel}","templated":true}]}}