{"id":18084,"date":"2018-01-08T14:17:55","date_gmt":"2018-01-08T13:17:55","guid":{"rendered":"https:\/\/www.eelectron.com\/?page_id=18084"},"modified":"2026-03-03T14:50:38","modified_gmt":"2026-03-03T13:50:38","slug":"knx-training","status":"publish","type":"page","link":"https:\/\/www.eelectron.com\/it\/azienda\/knx-training\/","title":{"rendered":"KNX Training Center"},"content":{"rendered":"<p><img loading=\"lazy\" decoding=\"async\" class=\"alignright wp-image-18095 size-full\" src=\"https:\/\/www.eelectron.com\/wp-content\/uploads\/2018\/01\/KNX_trainingCenter.png\" alt=\"KNX_trainingCenter\" width=\"150\" height=\"88\" \/><\/p>\n<h2><strong>Calendario Prossimi Corsi 2026 <\/strong>&#8211;&gt; <a href=\"https:\/\/hub.eelectron.com\/it\/categoria-prodotto\/training-it\/\">hub.eelectron.com<\/a><\/h2>\n<p>&nbsp;<\/p>\n<p>I corsi verranno svolti presso la nostra sede in Via Claudio Monteverdi 6 \u2013 20025 <strong>Legnano (MI)<\/strong> e sono rivolti ad installatori, progettisti,\u00a0integratori di sistema e a tutte le persone interessate alla tematiche legate alla <strong>Home &amp; Building Automation<\/strong>.<br \/>\nLa proposta dei Corsi KNX di Eelectron viene suddivisa in due tipologie:<\/p>\n<p><span style=\"color: #808080;\"><strong>CORSO\u00a0KNX\u00a0BASE<\/strong><\/span><\/p>\n<p style=\"padding-left: 30px;\"><em><strong>Obiettivi del corso<\/strong><\/em><br \/>\nIl corso ha lo scopo di fornire le conoscenze base necessarie per installare e mettere in servizio impianti che utilizzano la tecnologia KNX.<br \/>\n<em><strong>Destinatari del corso<\/strong><\/em><br \/>\nIl corso \u00e8 rivolto a progettisti, installatori, manutentori e in generale a chiunque voglia approcciare il mondo della Home &amp; Building automation basato sul protocollo standard mondiale KNX.<br \/>\nAl termine del corso base KNX, lo studente dovr\u00e0 sostenere un esame teorico e pratico al fine di verificare le conoscenze acquisite.<br \/>\n<em><strong>Prerequisito per seguire il corso<\/strong><\/em>: Nessuno<br \/>\n<em><strong>Durata del corso<\/strong><\/em>: 30 ore<br \/>\n<em><strong>Documentazione Training<\/strong><\/em>: standardizzata<br \/>\n<em><strong>Voto per passare entrambi gli esami<\/strong><\/em>: &gt;= 50%<br \/>\n<em><strong>Corso condotto da<\/strong><\/em>: Tutor Certificato KNX<\/p>\n<p><span style=\"color: #808080;\"><strong>CORSO\u00a0KNX\u00a0AVANZATO<\/strong><\/span><\/p>\n<p style=\"padding-left: 30px;\"><em><strong>Obiettivi del corso<\/strong><\/em><br \/>\nIl corso ha lo scopo di approfondire le conoscenze sulla tecnologia KNX acquisite durante il corso Base ed introdurre nuovi argomenti quali termoregolazione, Tecnologia per la Sicurezza, Operazioni logiche, Sistemi di Visualizzazione, KNX e Multimedia, KNX e Smart Metering\/Smart Grid Entrambi i corsi prevedono il rilascio da parte dell\u2019associazione di un attestato KNX Partner riconosciuto a livello internazionale.<br \/>\n<strong><em>Destinatari del corso<\/em><\/strong><br \/>\nIl corso \u00e8 rivolto a progettisti, installatori, manutentori in possesso del certificato Base KNX<br \/>\nAl termine del corso base KNX, lo studente dovr\u00e0 sostenere un esame teorico e pratico al fine di verificare le conoscenze acquisite.<br \/>\n<em><strong>Prerequisito per seguire il corso<\/strong><\/em>: il superamento dell&#8217;esame di base KNX<br \/>\n<em><strong>Durata del corso<\/strong><\/em>: 30 ore<br \/>\n<em><strong>Documentazione Training<\/strong><\/em>: standardizzata<br \/>\n<em><strong>Voto per passare entrambi gli esami<\/strong><\/em>: &gt;= 50%<br \/>\n<em><strong>Corso condotto da<\/strong><\/em>: Tutor Certificato KNX<\/p>\n<p><span style=\"color: #808080;\"><strong>CORSO KNX HVAC<\/strong><\/span><\/p>\n<p style=\"padding-left: 30px;\"><em><strong>Obiettivi del corso<\/strong><\/em><br \/>\nIl corso ha lo scopo di fornire le competenze minime necessarie ad integrare in KNX la gestione degli impianti di climatizzazione di nuova generazione, per la messa in servizio dei quali non \u00e8 sufficiente la conoscenza della modalit\u00e0 di programmazione dei dispositivi KNX, ma \u00e8 necessario acquisire le competenze di base inerenti il funzionamento, le caratteristiche e le criticit\u00e0 funzionali degli impianti HVAC, siano essi dei semplici sistemi di riscaldamento radiante, un interfacciamento con sistemi VRF nativi KNX o su Bus proprietari, una gestione completa tramite sensori e attuatori KNX o dei sistemi di climatizzazione Radianti abbinati a impianti di Ventilazione Meccanica Controllata (VMC) magari con funzione di deumidificazione integrata.<br \/>\n<strong><em>Destinatari del corso<\/em><\/strong><br \/>\nIl corso \u00e8 rivolto a progettisti, installatori, manutentori in possesso del certificato Base KNX<br \/>\nAl termine del corso base KNX, lo studente dovr\u00e0 sostenere un esame teorico e pratico al fine di verificare le conoscenze acquisite.<br \/>\n<em><strong>Prerequisito per seguire il corso<\/strong><\/em>: \u00e8 necessario possedere la certificazione KNX Partner<br \/>\n<em><strong>Durata del corso<\/strong><\/em>: 18 ore<br \/>\n<em><strong>Documentazione Training<\/strong><\/em>: standardizzata<br \/>\n<em><strong>Voto per passare entrambi gli esami<\/strong><\/em>: &gt;= 50%<br \/>\n<em><strong>Corso condotto da<\/strong><\/em>: Tutor Certificato KNX<\/p>\n<p>Per avere maggiori informazioni riguardanti i temi trattati, orari e date, prezzi e modalit\u00e0 di pagamento potete contattarci direttamente all&#8217;indirizzo <strong><a href=\"mailto:corsi@eelectron.com\">corsi@eelectron.com<\/a><\/strong> oppure contattate i nostri commerciali o Agenzie di zona.<\/p>\n<p>Tutti i corsi si svolgeranno con un minimo di cinque partecipanti.<br \/>\nL\u2019azienda si riserva quindi il diritto di annullare i corsi in calendario.<\/p>\n<p><strong><a class=\"scrollto\" href=\"#wpcf7-f18089-p18084-o1\">RICHIEDI INFORMAZIONI<\/a><\/strong><\/p>\n\n<div class=\"wpcf7 no-js\" id=\"wpcf7-f18089-o1\" lang=\"it-IT\" dir=\"ltr\">\n<div class=\"screen-reader-response\"><p role=\"status\" aria-live=\"polite\" aria-atomic=\"true\"><\/p> <ul><\/ul><\/div>\n<form action=\"\/it\/wp-json\/wp\/v2\/pages\/18084#wpcf7-f18089-o1\" method=\"post\" class=\"wpcf7-form init\" aria-label=\"Modulo di contatto\" novalidate=\"novalidate\" data-status=\"init\">\n<div style=\"display: none;\">\n<input type=\"hidden\" name=\"_wpcf7\" value=\"18089\" \/>\n<input type=\"hidden\" name=\"_wpcf7_version\" value=\"5.7.7\" \/>\n<input type=\"hidden\" name=\"_wpcf7_locale\" value=\"it_IT\" \/>\n<input type=\"hidden\" name=\"_wpcf7_unit_tag\" value=\"wpcf7-f18089-o1\" \/>\n<input type=\"hidden\" name=\"_wpcf7_container_post\" value=\"0\" \/>\n<input type=\"hidden\" name=\"_wpcf7_posted_data_hash\" value=\"\" \/>\n<\/div>\n<p><span class=\"wpcf7-form-control-wrap\" data-name=\"corso\"><select class=\"wpcf7-form-control wpcf7-select wpcf7-validates-as-required\" aria-required=\"true\" aria-invalid=\"false\" name=\"corso\"><option value=\"\">Tipologia corso<\/option><option value=\"CORSO BASE - 14 \u2013 17 Aprile 2026\">CORSO BASE - 14 \u2013 17 Aprile 2026<\/option><option value=\"CORSO BASE - 26 \u2013 29 Maggio 2026\">CORSO BASE - 26 \u2013 29 Maggio 2026<\/option><option value=\"CORSO BASE - 22 \u2013 25 Settembre 2026\">CORSO BASE - 22 \u2013 25 Settembre 2026<\/option><option value=\"CORSO AVANZATO - 30 Giugno \u2013 03 Luglio 2026\">CORSO AVANZATO - 30 Giugno \u2013 03 Luglio 2026<\/option><option value=\"CORSO AVANZATO - 10 \u2013 13 Novembre 2026\">CORSO AVANZATO - 10 \u2013 13 Novembre 2026<\/option><option value=\"CORSO HVAC -24 \u2013 25 Giugno 2026\">CORSO HVAC -24 \u2013 25 Giugno 2026<\/option><option value=\"CORSO HVAC -25 \u2013 26 Novembre 2026\">CORSO HVAC -25 \u2013 26 Novembre 2026<\/option><\/select><\/span><span class=\"wpcf7-form-control-wrap\" data-name=\"nome\"><input size=\"40\" class=\"wpcf7-form-control wpcf7-text wpcf7-validates-as-required\" aria-required=\"true\" aria-invalid=\"false\" placeholder=\"Nome*\" value=\"\" type=\"text\" name=\"nome\" \/><\/span><span class=\"wpcf7-form-control-wrap\" data-name=\"cognome\"><input size=\"40\" class=\"wpcf7-form-control wpcf7-text wpcf7-validates-as-required\" aria-required=\"true\" aria-invalid=\"false\" placeholder=\"Cognome*\" value=\"\" type=\"text\" name=\"cognome\" \/><\/span><span class=\"wpcf7-form-control-wrap\" data-name=\"azienda\"><input size=\"40\" class=\"wpcf7-form-control wpcf7-text\" aria-invalid=\"false\" placeholder=\"Azienda\" value=\"\" type=\"text\" name=\"azienda\" \/><\/span><span class=\"wpcf7-form-control-wrap\" data-name=\"mail\"><input size=\"40\" class=\"wpcf7-form-control wpcf7-text wpcf7-email wpcf7-validates-as-required wpcf7-validates-as-email\" aria-required=\"true\" aria-invalid=\"false\" placeholder=\"E-mail*\" value=\"\" type=\"email\" name=\"mail\" \/><\/span><span class=\"wpcf7-form-control-wrap\" data-name=\"telefono\"><input size=\"40\" class=\"wpcf7-form-control wpcf7-text wpcf7-validates-as-required\" aria-required=\"true\" aria-invalid=\"false\" placeholder=\"Telefono*\" value=\"\" type=\"text\" name=\"telefono\" \/><\/span><span class=\"wpcf7-form-control-wrap\" data-name=\"indirizzo\"><input size=\"40\" class=\"wpcf7-form-control wpcf7-text wpcf7-validates-as-required\" aria-required=\"true\" aria-invalid=\"false\" placeholder=\"Indirizzo*\" value=\"\" type=\"text\" name=\"indirizzo\" \/><\/span><span class=\"wpcf7-form-control-wrap\" data-name=\"citta\"><input size=\"40\" class=\"wpcf7-form-control wpcf7-text wpcf7-validates-as-required\" aria-required=\"true\" aria-invalid=\"false\" placeholder=\"Citt\u00e0*\" value=\"\" type=\"text\" name=\"citta\" \/><\/span><span class=\"wpcf7-form-control-wrap\" data-name=\"cap\"><input size=\"40\" class=\"wpcf7-form-control wpcf7-text wpcf7-validates-as-required\" aria-required=\"true\" aria-invalid=\"false\" placeholder=\"CAP*\" value=\"\" type=\"text\" name=\"cap\" \/><\/span>\n<\/p>\n<p>*campi obbligatori\n<\/p>\n<p>Informativa ai sensi dell'art.13 del D.Lgs. n. 196\/2003 <a href=\"https:\/\/www.iubenda.com\/privacy-policy\/87855371\" target=\"_blank\" class=\"green\">CLICCA QUI<\/a> per leggere l'informativa e le finalita' del servizio.\n<\/p>\n<div class=\"check_contatti\">\n\t<p><span class=\"wpcf7-form-control-wrap\" data-name=\"autorizzo\"><span class=\"wpcf7-form-control wpcf7-acceptance\"><span class=\"wpcf7-list-item\"><input type=\"checkbox\" name=\"autorizzo\" value=\"1\" aria-invalid=\"false\" \/><\/span><\/span><\/span> Autorizzo al trattamento dei miei dati personali. (n.b. qualora non venga fornito il consenso non si potr\u00e0 inviare la richiesta). Titolare e responsabile dei dati raccolti \u00e8 Eelectron S.p.A.\n\t<\/p>\n<\/div>\n<div class=\"check_contatti\">\n\t<p><span class=\"wpcf7-form-control-wrap\" data-name=\"newsletter\"><span class=\"wpcf7-form-control wpcf7-checkbox\"><span class=\"wpcf7-list-item first last\"><input type=\"checkbox\" name=\"newsletter[]\" value=\"Iscrizione alla newsletter per i prodotti e servizi offerti da Eelectron S.p.A.\" \/><span class=\"wpcf7-list-item-label\">Iscrizione alla newsletter per i prodotti e servizi offerti da Eelectron S.p.A.<\/span><\/span><\/span><\/span>\n\t<\/p>\n<\/div>\n<div class=\"codice_invia\">\n\t<p><input type=\"hidden\" name=\"_wpcf7_captcha_challenge_code\" value=\"869971395\" \/><img loading=\"lazy\" decoding=\"async\" class=\"wpcf7-form-control wpcf7-captchac wpcf7-captcha-code\" width=\"84\" height=\"28\" alt=\"captcha\" src=\"https:\/\/www.eelectron.com\/wp-content\/uploads\/wpcf7_captcha\/869971395.png\" \/><span class=\"wpcf7-form-control-wrap\" data-name=\"code\"><input size=\"40\" maxlength=\"4\" class=\"wpcf7-form-control wpcf7-captchar\" autocomplete=\"off\" aria-invalid=\"false\" placeholder=\"Inserire il CODE\" value=\"\" type=\"text\" name=\"code\" \/><\/span><input class=\"wpcf7-form-control has-spinner wpcf7-submit btn btn-primary\" type=\"submit\" value=\"Invia\" \/>\n\t<\/p>\n<\/div><div class=\"wpcf7-response-output\" aria-hidden=\"true\"><\/div>\n<\/form>\n<\/div>\n\n","protected":false},"excerpt":{"rendered":"<p>Calendario Prossimi Corsi 2026 &#8211;&gt; hub.eelectron.com &nbsp; I corsi verranno svolti presso la nostra sede in Via Claudio Monteverdi 6 \u2013 20025 Legnano (MI) e sono rivolti ad installatori, progettisti,\u00a0integratori di sistema e a tutte le persone interessate alla tematiche legate alla Home &amp; Building Automation. La proposta dei Corsi KNX di Eelectron viene suddivisa in due tipologie: CORSO\u00a0KNX\u00a0BASE Obiettivi [&hellip;]<\/p>\n","protected":false},"author":1,"featured_media":0,"parent":13699,"menu_order":2,"comment_status":"closed","ping_status":"closed","template":"page-template\/istituzionale.php","meta":{"footnotes":""},"class_list":["post-18084","page","type-page","status-publish","hentry"],"acf":[],"aioseo_notices":[],"_links":{"self":[{"href":"https:\/\/www.eelectron.com\/it\/wp-json\/wp\/v2\/pages\/18084"}],"collection":[{"href":"https:\/\/www.eelectron.com\/it\/wp-json\/wp\/v2\/pages"}],"about":[{"href":"https:\/\/www.eelectron.com\/it\/wp-json\/wp\/v2\/types\/page"}],"author":[{"embeddable":true,"href":"https:\/\/www.eelectron.com\/it\/wp-json\/wp\/v2\/users\/1"}],"replies":[{"embeddable":true,"href":"https:\/\/www.eelectron.com\/it\/wp-json\/wp\/v2\/comments?post=18084"}],"version-history":[{"count":37,"href":"https:\/\/www.eelectron.com\/it\/wp-json\/wp\/v2\/pages\/18084\/revisions"}],"predecessor-version":[{"id":26430,"href":"https:\/\/www.eelectron.com\/it\/wp-json\/wp\/v2\/pages\/18084\/revisions\/26430"}],"up":[{"embeddable":true,"href":"https:\/\/www.eelectron.com\/it\/wp-json\/wp\/v2\/pages\/13699"}],"wp:attachment":[{"href":"https:\/\/www.eelectron.com\/it\/wp-json\/wp\/v2\/media?parent=18084"}],"curies":[{"name":"wp","href":"https:\/\/api.w.org\/{rel}","templated":true}]}}