{"id":13713,"date":"2015-05-18T10:16:03","date_gmt":"2015-05-18T08:16:03","guid":{"rendered":"http:\/\/eelectron.ma-tic.com\/?page_id=13713"},"modified":"2024-02-16T16:21:41","modified_gmt":"2024-02-16T15:21:41","slug":"building","status":"publish","type":"page","link":"https:\/\/www.eelectron.com\/it\/prodotti\/building\/","title":{"rendered":"Building"},"content":{"rendered":"<p style=\"text-align: left;\">L&#8217;<strong>automazione<\/strong> negli <strong>edifici<\/strong> \u00e8 ormai consolidata in <strong>numerosi settori<\/strong> , tra cui quello <strong>lavorativo<\/strong> e <strong>personale<\/strong>, data le richieste di <strong>risparmio energetico<\/strong>, <strong>flessibilit\u00e0<\/strong>, efficienza e <strong>redditivit\u00e0<\/strong>. Lo scopo fondamentale \u00e8 quello di <strong>semplificare<\/strong> i <strong>bisogni<\/strong> e le <strong>necessit\u00e0<\/strong> che caratterizzano la quotidianit\u00e0 di ognuno di noi.<\/p>\n<p style=\"text-align: left;\">Il <strong>protocollo KNX<\/strong> permette di implementare questi requisiti ormai fondamentali, includendo un <strong>ampia gamma<\/strong> di <a title=\"impianti domotici KNX automazione edifici\" href=\"https:\/\/www.eelectron.com\/it\/azienda\/knx\/\">sistemi domotici KNX per l&#8217;automazione degli edifici <\/a><span data-sheets-value=\"{&quot;1&quot;:2,&quot;2&quot;:&quot;impianti domotici per ristorazione&quot;}\" data-sheets-userformat=\"{&quot;2&quot;:1340409,&quot;3&quot;:{&quot;1&quot;:0},&quot;6&quot;:{&quot;1&quot;:[{&quot;1&quot;:2,&quot;2&quot;:0,&quot;5&quot;:{&quot;1&quot;:2,&quot;2&quot;:0}},{&quot;1&quot;:0,&quot;2&quot;:0,&quot;3&quot;:3},{&quot;1&quot;:1,&quot;2&quot;:0,&quot;4&quot;:2}]},&quot;7&quot;:{&quot;1&quot;:[{&quot;1&quot;:2,&quot;2&quot;:0,&quot;5&quot;:{&quot;1&quot;:2,&quot;2&quot;:0}},{&quot;1&quot;:0,&quot;2&quot;:0,&quot;3&quot;:3},{&quot;1&quot;:1,&quot;2&quot;:0,&quot;4&quot;:2}]},&quot;8&quot;:{&quot;1&quot;:[{&quot;1&quot;:2,&quot;2&quot;:0,&quot;5&quot;:{&quot;1&quot;:2,&quot;2&quot;:0}},{&quot;1&quot;:0,&quot;2&quot;:0,&quot;3&quot;:3},{&quot;1&quot;:1,&quot;2&quot;:0,&quot;4&quot;:2}]},&quot;9&quot;:1,&quot;10&quot;:1,&quot;11&quot;:0,&quot;12&quot;:0,&quot;15&quot;:&quot;Inter, sans-serif&quot;,&quot;16&quot;:11,&quot;17&quot;:1,&quot;21&quot;:0,&quot;23&quot;:2}\">\u00a0c<\/span>on funzioni personalizzate, che non potrebbero essere realizzate con un impianto tradizionale;<\/p>\n<p>Il protocollo di automazione KNX permette di implementare questi requisiti ormai fondamentali, includendo un ampia gamma di impianti domotici KNX per l&#8217;automazione degli edifici con funzioni personalizzate, che non potrebbero essere realizzate con un impianto tradizionale.<br \/>\nLa gamma comprende diverse tipologie di soluzioni in base al tipo di applicazione: dispositivi dedicati per l&#8217;automazione di grandi ambienti come locali commerciali, aziende ed industrie, o <a title=\"Impianti domotici per ristorazione\" href=\"https:\/\/www.eelectron.com\/it\/referenze\/play-restaurant-lounge\/\"> impianti domotici per la ristorazione <\/a>, per boutique, showroom e negozi, realizzati con uno sguardo pi\u00f9 attento al design.<\/p>\n<div class=\"gmail_default\"><\/div>\n<p style=\"text-align: left;\">Eelectron SpA offre ai propri clienti come<strong> integratori<\/strong>, <strong>installatori<\/strong> e <strong>consulenti<\/strong> un <strong>ampia gamma<\/strong> di <strong>prodotti<\/strong> <strong>e sistemi knx<\/strong> per l&#8217;automazione degli edifici ed il controllo, che permettono di affrontare le richieste sempre pi\u00f9 esigenti poste dagli impianti elettrici oggi ma anche nel futuro; inoltre l&#8217;estetica dei nostri impianti, dal <strong>design Made in Italy<\/strong> \u00e8 realizzabile su misura secondo le esigenze di ogni edificio.<\/p>\n<h3><strong>I<\/strong> <strong>nostri sistemi di domotica per automazione edifici<\/strong>\u00a0sono installati in oltre 72 paesi nel mondo<strong> in differenti progetti tra cui:<\/strong><\/h3>\n","protected":false},"excerpt":{"rendered":"<p>L&#8217;automazione negli edifici \u00e8 ormai consolidata in numerosi settori , tra cui quello lavorativo e personale, data le richieste di risparmio energetico, flessibilit\u00e0, efficienza e redditivit\u00e0. Lo scopo fondamentale \u00e8 quello di semplificare i bisogni e le necessit\u00e0 che caratterizzano la quotidianit\u00e0 di ognuno di noi. Il protocollo KNX permette di implementare questi requisiti ormai fondamentali, includendo un ampia gamma [&hellip;]<\/p>\n","protected":false},"author":1,"featured_media":0,"parent":13707,"menu_order":3,"comment_status":"closed","ping_status":"closed","template":"page-template\/campi-intervento.php","meta":{"footnotes":""},"class_list":["post-13713","page","type-page","status-publish","hentry"],"acf":[],"aioseo_notices":[],"_links":{"self":[{"href":"https:\/\/www.eelectron.com\/it\/wp-json\/wp\/v2\/pages\/13713"}],"collection":[{"href":"https:\/\/www.eelectron.com\/it\/wp-json\/wp\/v2\/pages"}],"about":[{"href":"https:\/\/www.eelectron.com\/it\/wp-json\/wp\/v2\/types\/page"}],"author":[{"embeddable":true,"href":"https:\/\/www.eelectron.com\/it\/wp-json\/wp\/v2\/users\/1"}],"replies":[{"embeddable":true,"href":"https:\/\/www.eelectron.com\/it\/wp-json\/wp\/v2\/comments?post=13713"}],"version-history":[{"count":0,"href":"https:\/\/www.eelectron.com\/it\/wp-json\/wp\/v2\/pages\/13713\/revisions"}],"up":[{"embeddable":true,"href":"https:\/\/www.eelectron.com\/it\/wp-json\/wp\/v2\/pages\/13707"}],"wp:attachment":[{"href":"https:\/\/www.eelectron.com\/it\/wp-json\/wp\/v2\/media?parent=13713"}],"curies":[{"name":"wp","href":"https:\/\/api.w.org\/{rel}","templated":true}]}}