{"id":13703,"date":"2015-05-18T10:07:31","date_gmt":"2015-05-18T08:07:31","guid":{"rendered":"http:\/\/eelectron.ma-tic.com\/?page_id=13703"},"modified":"2023-03-03T12:50:55","modified_gmt":"2023-03-03T11:50:55","slug":"knx","status":"publish","type":"page","link":"https:\/\/www.eelectron.com\/it\/azienda\/knx\/","title":{"rendered":"KNX"},"content":{"rendered":"<p style=\"text-align: left;\"><a href=\"https:\/\/www.eelectron.com\/wp-content\/uploads\/2015\/05\/KNX_CERTI_MARK_RGB-2.jpg\"><img loading=\"lazy\" decoding=\"async\" class=\"alignleft wp-image-14279\" src=\"https:\/\/www.eelectron.com\/wp-content\/uploads\/2015\/05\/KNX_CERTI_MARK_RGB-2-300x136.jpg\" alt=\"Impianti domotici knx\" width=\"252\" height=\"114\" srcset=\"https:\/\/www.eelectron.com\/wp-content\/uploads\/2015\/05\/KNX_CERTI_MARK_RGB-2-300x136.jpg 300w, https:\/\/www.eelectron.com\/wp-content\/uploads\/2015\/05\/KNX_CERTI_MARK_RGB-2.jpg 443w\" sizes=\"(max-width: 252px) 100vw, 252px\" \/><\/a>Pi\u00f9 <strong>convenienza<\/strong>, pi\u00f9<strong> sicurezza<\/strong>, maggiore <strong>risparmio energetico<\/strong>: la domanda di <a title=\"Automazione edifici e controllo con sistemi KNX\" href=\"https:\/\/www.eelectron.com\/it\/prodotti\/building\/\">sistemi di gestione degli edifici<\/a> \u00e8 in continua crescita. Che si tratti di un\u2019abitazione unifamiliare o di un complesso uffici, di una struttura alberghiera o ospedaliera, la richiesta di <strong>comfort<\/strong> e <strong>versatilit\u00e0<\/strong> nella gestione dei sistemi di aria condizionata, illuminazione e controllo accessi \u00e8 in crescita. Allo stesso tempo, l\u2019<strong>impiego<\/strong> efficiente dell\u2019<strong>energia<\/strong> sta diventando sempre pi\u00f9<strong> importante<\/strong>. Maggiori <strong>economicit\u00e0<\/strong> e<strong> sicurezza<\/strong>, combinate con un <strong>minore consumo di energia<\/strong> possono essere <a href=\"https:\/\/crozdesk.com\/software\/phonexa-f1db85c3-091b-449a-a5a4-6c220852f0cd\">ottenuti<\/a> solo da un <strong>controllo<\/strong> e <strong>monitoraggio<\/strong> intelligente di tutti i prodotti utilizzati<\/p>\n<p style=\"text-align: left;\"><strong>La risposta: KNX \u2013 L\u2019unico STANDARD mondiale aperto per il controllo della <a title=\"Impianti domotici e accessori KNX\" href=\"https:\/\/www.eelectron.com\/it\/prodotti\/residenziale\/\">casa<\/a> e dell\u2019edificio<br \/>\n<\/strong><br \/>\nOvunque sia impiegato, il <a title=\"Sistemi di Domotica KNX e Building Automation\" href=\"https:\/\/www.eelectron.com\/it\/\">sistema di domotica <strong>KNX<\/strong><\/a> porta reali <strong>vantaggi<\/strong> ad architetti, progettisti ed installatori e, soprattutto, ai proprietari e\/o utenti finali.<\/p>\n<p style=\"text-align: left;\">Un unico programma indipendente dal costruttore e dall\u2019applicazione, <strong>Engineering Tool Software<\/strong> (ETS), permette la <strong>progettazione<\/strong> e la <strong>configurazione<\/strong> di <strong>impianti domotici KNX<\/strong> che comprendono <strong>prodotti<\/strong> certificati <strong>KNX<\/strong>. Inoltre un impianto <strong>KNX<\/strong> pu\u00f2 essere facilmente adattato a nuove applicazioni ed \u00e8 ampliabile senza problemi.<\/p>\n","protected":false},"excerpt":{"rendered":"<p>Pi\u00f9 convenienza, pi\u00f9 sicurezza, maggiore risparmio energetico: la domanda di sistemi di gestione degli edifici \u00e8 in continua crescita. Che si tratti di un\u2019abitazione unifamiliare o di un complesso uffici, di una struttura alberghiera o ospedaliera, la richiesta di comfort e versatilit\u00e0 nella gestione dei sistemi di aria condizionata, illuminazione e controllo accessi \u00e8 in crescita. Allo stesso tempo, l\u2019impiego [&hellip;]<\/p>\n","protected":false},"author":1,"featured_media":0,"parent":13699,"menu_order":2,"comment_status":"closed","ping_status":"open","template":"page-template\/istituzionale.php","meta":{"footnotes":""},"class_list":["post-13703","page","type-page","status-publish","hentry"],"acf":[],"aioseo_notices":[],"_links":{"self":[{"href":"https:\/\/www.eelectron.com\/it\/wp-json\/wp\/v2\/pages\/13703"}],"collection":[{"href":"https:\/\/www.eelectron.com\/it\/wp-json\/wp\/v2\/pages"}],"about":[{"href":"https:\/\/www.eelectron.com\/it\/wp-json\/wp\/v2\/types\/page"}],"author":[{"embeddable":true,"href":"https:\/\/www.eelectron.com\/it\/wp-json\/wp\/v2\/users\/1"}],"replies":[{"embeddable":true,"href":"https:\/\/www.eelectron.com\/it\/wp-json\/wp\/v2\/comments?post=13703"}],"version-history":[{"count":0,"href":"https:\/\/www.eelectron.com\/it\/wp-json\/wp\/v2\/pages\/13703\/revisions"}],"up":[{"embeddable":true,"href":"https:\/\/www.eelectron.com\/it\/wp-json\/wp\/v2\/pages\/13699"}],"wp:attachment":[{"href":"https:\/\/www.eelectron.com\/it\/wp-json\/wp\/v2\/media?parent=13703"}],"curies":[{"name":"wp","href":"https:\/\/api.w.org\/{rel}","templated":true}]}}